{"id":50,"date":"2025-02-22T23:37:44","date_gmt":"2025-02-22T23:37:44","guid":{"rendered":"https:\/\/jfc.company\/home\/?page_id=50"},"modified":"2025-02-22T23:37:45","modified_gmt":"2025-02-22T23:37:45","slug":"companies","status":"publish","type":"page","link":"https:\/\/jfc.company\/home\/companies\/","title":{"rendered":"Companies"},"content":{"rendered":"\n<div class=\"wp-block-cover alignfull has-parallax has-custom-content-position is-position-bottom-center wp-duotone-midnight-filter\" style=\"margin-top:0;margin-bottom:0;padding-top:var(--wp--preset--spacing--50);padding-right:var(--wp--preset--spacing--50);padding-bottom:var(--wp--preset--spacing--50);padding-left:var(--wp--preset--spacing--50);min-height:840px;aspect-ratio:unset;\"><span aria-hidden=\"true\" class=\"wp-block-cover__background has-background-dim-10 has-background-dim\"><\/span><div role=\"img\" aria-label=\"JFC Joining Futures Capital International Limited, fundada en 1990, se ha consolidado como una empresa l\u00edder en la compra y venta de materiales y productos esenciales a nivel mundial. Con una trayectoria robusta y un compromiso inquebrantable con la transparencia y puntualidad, nuestra empresa ha estado negociando en el mercado de commodities, ofreciendo servicios de distribuci\u00f3n y entrega de productos como petr\u00f3leo, energ\u00eda, minerales, alimentos, bonos y acciones.\" class=\"wp-block-cover__image-background wp-image-53 has-parallax\" style=\"background-position:50% 50%;background-image:url(https:\/\/jfc.company\/home\/wp-content\/uploads\/2025\/02\/Image-20.jpeg)\"><\/div><div class=\"wp-block-cover__inner-container has-global-padding is-layout-constrained wp-container-core-cover-is-layout-d89aad35 wp-block-cover-is-layout-constrained\">\n<div class=\"wp-block-group alignwide has-global-padding is-content-justification-left is-layout-constrained wp-container-core-group-is-layout-12dd3699 wp-block-group-is-layout-constrained\">\n<h2 class=\"wp-block-heading has-text-align-left has-xx-large-font-size\"><strong>Companies &#8211; JF Capital International Limited<\/strong><\/h2>\n\n\n\n<p>At JF Capital International Limited, we are proud to partner with a diverse portfolio of innovative and forward-thinking companies across various industries. Our collaborative approach and tailored solutions have helped these businesses achieve their goals, overcome challenges, and unlock new opportunities for growth. Below are some of the notable companies we have had the privilege of working with:<\/p>\n\n\n\n<h3 class=\"wp-block-heading\"><strong>Why Partner with JF Capital International?<\/strong><\/h3>\n\n\n\n<ul class=\"wp-block-list\">\n<li><strong>Tailored Solutions:<\/strong> We understand that every company is unique, and we design our services to meet your specific needs.<\/li>\n\n\n\n<li><strong>Proven Expertise:<\/strong> With over 30 years of experience, we bring deep industry knowledge and a track record of success.<\/li>\n\n\n\n<li><strong>Global Reach, Local Insight:<\/strong> Our international perspective, combined with local market expertise, ensures impactful and relevant solutions.<\/li>\n<\/ul>\n\n\n\n<p>At JF Capital International, we are committed to building long-term partnerships that drive innovation, growth, and success. If you\u2019re ready to take your business to the next level, contact us today to learn how we can support your journey.<\/p>\n\n\n\n<hr class=\"wp-block-separator has-alpha-channel-opacity\"\/>\n\n\n\n<div class=\"wp-block-buttons is-layout-flex wp-block-buttons-is-layout-flex\">\n<div class=\"wp-block-button\"><a class=\"wp-block-button__link wp-element-button\">Learn More<\/a><\/div>\n<\/div>\n<\/div>\n<\/div><\/div>\n\n\n\n<div class=\"wp-block-group alignfull is-style-section-5 has-global-padding is-layout-constrained wp-block-group-is-layout-constrained is-style-section-5--1\" style=\"margin-top:0;margin-bottom:0;padding-top:var(--wp--preset--spacing--50);padding-bottom:var(--wp--preset--spacing--50)\">\n<div class=\"wp-block-columns alignwide is-layout-flex wp-container-core-columns-is-layout-7ee84d44 wp-block-columns-is-layout-flex\">\n<div class=\"wp-block-column is-vertically-aligned-center is-layout-flow wp-block-column-is-layout-flow\" style=\"flex-basis:50%\">\n<h2 class=\"wp-block-heading\"><strong><strong>Giant Shark Trading Co.<\/strong><\/strong><\/h2>\n\n\n\n<p class=\"has-medium-font-size\">A dynamic player in the trading and commerce sector, Giant Shark Trading Co. has leveraged our expertise in strategic planning and market expansion to enhance its global footprint. Together, we have developed strategies to optimise operations, streamline supply chains, and capitalise on emerging market opportunities.<\/p>\n<\/div>\n\n\n\n<div class=\"wp-block-column is-vertically-aligned-center is-layout-flow wp-block-column-is-layout-flow\" style=\"flex-basis:50%\">\n<figure class=\"wp-block-image size-full wp-duotone-midnight-filter\"><img loading=\"lazy\" decoding=\"async\" width=\"801\" height=\"471\" src=\"https:\/\/jfc.company\/home\/wp-content\/uploads\/2025\/02\/Image-11.jpeg\" alt=\"\" class=\"wp-image-54\" style=\"aspect-ratio:1;object-fit:cover\" srcset=\"https:\/\/jfc.company\/home\/wp-content\/uploads\/2025\/02\/Image-11.jpeg 801w, https:\/\/jfc.company\/home\/wp-content\/uploads\/2025\/02\/Image-11-300x176.jpeg 300w, https:\/\/jfc.company\/home\/wp-content\/uploads\/2025\/02\/Image-11-768x452.jpeg 768w\" sizes=\"auto, (max-width: 801px) 100vw, 801px\" \/><\/figure>\n<\/div>\n<\/div>\n<\/div>\n\n\n\n<div class=\"wp-block-group alignfull has-global-padding is-layout-constrained wp-block-group-is-layout-constrained\" style=\"margin-top:0;margin-bottom:0\">\n<div class=\"wp-block-group alignwide is-layout-grid wp-container-core-group-is-layout-5fdb10e5 wp-block-group-is-layout-grid\" style=\"padding-top:var(--wp--preset--spacing--50);padding-bottom:var(--wp--preset--spacing--50)\">\n<div class=\"wp-block-group is-vertical is-content-justification-stretch is-nowrap is-layout-flex wp-container-core-group-is-layout-627337ab wp-block-group-is-layout-flex\">\n<div class=\"wp-block-group is-vertical is-content-justification-left is-layout-flex wp-container-core-group-is-layout-dd225191 wp-block-group-is-layout-flex\">\n<h2 class=\"wp-block-heading is-style-text-annotation is-style-text-annotation--2\">About Us<\/h2>\n\n\n\n<p class=\"is-style-text-subtitle is-style-text-subtitle--3\"><strong><strong>EHang Technologies<\/strong><br><\/strong>As a pioneer in autonomous aerial vehicle technology, EHang Technologies has benefited from our financial advisory and risk management services. We have supported EHang in navigating complex regulatory environments, securing investments, and scaling their innovative solutions to new markets.<\/p>\n<\/div>\n\n\n\n<figure class=\"wp-block-image size-full wp-duotone-midnight-filter\"><img loading=\"lazy\" decoding=\"async\" width=\"2304\" height=\"1536\" src=\"https:\/\/jfc.company\/home\/wp-content\/uploads\/2025\/02\/054405d2b742ec3f9636f5aeaee15b7a.jpeg\" alt=\"En JFC International LIMITED, hemos integrado los drones EHang, reconocidos mundialmente por su innovaci\u00f3n y eficiencia, en nuestros servicios de salvamento y seguridad, proporcionando soluciones avanzadas a los gobiernos.\" class=\"wp-image-56\" style=\"aspect-ratio:16\/9;object-fit:cover\" srcset=\"https:\/\/jfc.company\/home\/wp-content\/uploads\/2025\/02\/054405d2b742ec3f9636f5aeaee15b7a.jpeg 2304w, https:\/\/jfc.company\/home\/wp-content\/uploads\/2025\/02\/054405d2b742ec3f9636f5aeaee15b7a-300x200.jpeg 300w, https:\/\/jfc.company\/home\/wp-content\/uploads\/2025\/02\/054405d2b742ec3f9636f5aeaee15b7a-1024x683.jpeg 1024w, https:\/\/jfc.company\/home\/wp-content\/uploads\/2025\/02\/054405d2b742ec3f9636f5aeaee15b7a-768x512.jpeg 768w, https:\/\/jfc.company\/home\/wp-content\/uploads\/2025\/02\/054405d2b742ec3f9636f5aeaee15b7a-1536x1024.jpeg 1536w, https:\/\/jfc.company\/home\/wp-content\/uploads\/2025\/02\/054405d2b742ec3f9636f5aeaee15b7a-2048x1365.jpeg 2048w\" sizes=\"auto, (max-width: 2304px) 100vw, 2304px\" \/><\/figure>\n<\/div>\n\n\n\n<figure class=\"wp-block-image size-full wp-duotone-midnight-filter\"><img loading=\"lazy\" decoding=\"async\" width=\"1280\" height=\"575\" src=\"https:\/\/jfc.company\/home\/wp-content\/uploads\/2025\/02\/Image-11-1.jpeg\" alt=\"\" class=\"wp-image-55\" style=\"aspect-ratio:3\/4;object-fit:cover\" srcset=\"https:\/\/jfc.company\/home\/wp-content\/uploads\/2025\/02\/Image-11-1.jpeg 1280w, https:\/\/jfc.company\/home\/wp-content\/uploads\/2025\/02\/Image-11-1-300x135.jpeg 300w, https:\/\/jfc.company\/home\/wp-content\/uploads\/2025\/02\/Image-11-1-1024x460.jpeg 1024w, https:\/\/jfc.company\/home\/wp-content\/uploads\/2025\/02\/Image-11-1-768x345.jpeg 768w\" sizes=\"auto, (max-width: 1280px) 100vw, 1280px\" \/><\/figure>\n<\/div>\n<\/div>\n\n\n\n<div class=\"wp-block-group alignfull has-global-padding is-layout-constrained wp-block-group-is-layout-constrained\" style=\"margin-top:0;margin-bottom:0\">\n<div class=\"wp-block-group alignwide is-layout-flow wp-container-core-group-is-layout-d58a0413 wp-block-group-is-layout-flow\" style=\"padding-top:var(--wp--preset--spacing--50);padding-bottom:var(--wp--preset--spacing--50)\">\n<h2 class=\"wp-block-heading has-x-large-font-size\"><strong>Pioneering Companies<\/strong><\/h2>\n\n\n\n<div class=\"wp-block-columns is-layout-flex wp-container-core-columns-is-layout-cbe57604 wp-block-columns-is-layout-flex\">\n<div class=\"wp-block-column is-layout-flow wp-block-column-is-layout-flow\">\n<div class=\"wp-block-group is-layout-flow wp-block-group-is-layout-flow\" style=\"border-top-color:var(--wp--preset--color--accent-6);border-top-width:1px;padding-top:var(--wp--preset--spacing--30);padding-bottom:var(--wp--preset--spacing--30)\">\n<h3 class=\"wp-block-heading\">Jhon Florez Enterprise LTDA<\/h3>\n\n\n\n<p>A leader in its industry, John Fl\u00f3rez Enterprise LTDA has relied on JF Capital International for asset valuation, restructuring, and strategic planning. Our collaboration has enabled them to strengthen their financial position, improve operational efficiency, and achieve sustainable growth.<\/p>\n<\/div>\n<\/div>\n\n\n\n<div class=\"wp-block-column is-layout-flow wp-block-column-is-layout-flow\">\n<div class=\"wp-block-group is-layout-flow wp-block-group-is-layout-flow\" style=\"border-top-color:var(--wp--preset--color--accent-6);border-top-width:1px;padding-top:var(--wp--preset--spacing--30);padding-bottom:var(--wp--preset--spacing--30)\">\n<h3 class=\"wp-block-heading\">Royal Island Construction, Bahamas<\/h3>\n\n\n\n<p>The Royal Island project is a landmark development in the Bahamas, and we are honoured to have played a key role in its success. Our team provided comprehensive financial advisory, risk management, and strategic planning services to ensure the project\u2019s seamless execution. From initial planning to completion, we helped maximise value and deliver a world-class development that aligns with the vision of its stakeholders.<\/p>\n\n\n\n<ol class=\"wp-block-list\"><\/ol>\n<\/div>\n<\/div>\n<\/div>\n\n\n\n<div class=\"wp-block-columns is-layout-flex wp-container-core-columns-is-layout-cbe57604 wp-block-columns-is-layout-flex\">\n<div class=\"wp-block-column is-layout-flow wp-block-column-is-layout-flow\">\n<div class=\"wp-block-group is-layout-flow wp-block-group-is-layout-flow\" style=\"border-top-color:var(--wp--preset--color--accent-6);border-top-width:1px;padding-top:var(--wp--preset--spacing--30);padding-bottom:var(--wp--preset--spacing--30)\">\n<h3 class=\"wp-block-heading\">Vineyard Project<\/h3>\n\n\n\n<p>The Vineyard project represents a unique venture in the agricultural and luxury sectors. We provided strategic planning, financial advisory, and risk management services to ensure the project\u2019s success. Our expertise helped optimise resource allocation, enhance sustainability, and create a model for high-end vineyard development.<\/p>\n<\/div>\n<\/div>\n\n\n\n<div class=\"wp-block-column is-layout-flow wp-block-column-is-layout-flow\">\n<div class=\"wp-block-group is-layout-flow wp-block-group-is-layout-flow\" style=\"border-top-color:var(--wp--preset--color--accent-6);border-top-width:1px;padding-top:var(--wp--preset--spacing--30);padding-bottom:var(--wp--preset--spacing--30)\">\n<h3 class=\"wp-block-heading\">Fly Drones, Monaco<\/h3>\n\n\n\n<p>In the heart of Monaco, the Fly Drones project is a cutting-edge initiative in the drone technology and logistics sector. JF Capital International supported this project with financial structuring, market analysis, and strategic planning. Our contributions helped position Fly Drones as a leader in innovative aerial solutions for urban environments.<\/p>\n<\/div>\n<\/div>\n<\/div>\n<\/div>\n<\/div>\n\n\n\n<div class=\"wp-block-group alignfull has-global-padding is-layout-constrained wp-container-core-group-is-layout-08655630 wp-block-group-is-layout-constrained\" style=\"margin-top:0;margin-bottom:0;padding-top:var(--wp--preset--spacing--80);padding-bottom:var(--wp--preset--spacing--80)\">\n<div class=\"wp-block-group alignwide is-layout-flow wp-block-group-is-layout-flow\">\n<p class=\"has-text-align-center is-style-text-display is-style-text-display--4\" style=\"font-style:normal;font-weight:400\"><a href=\"https:\/\/jfc.company\" data-type=\"page\" data-id=\"57\" rel=\"nofollow\">Regresar al Home<\/a><\/p>\n\n\n\n<div style=\"height:var(--wp--preset--spacing--40)\" aria-hidden=\"true\" class=\"wp-block-spacer\"><\/div>\n\n\n\n<ul class=\"wp-block-social-links has-icon-color is-style-logos-only is-content-justification-center is-layout-flex wp-container-core-social-links-is-layout-a89b3969 wp-block-social-links-is-layout-flex\"><li class=\"wp-social-link wp-social-link-twitter has-contrast-color wp-block-social-link\"><a href=\"https:\/\/x.com\/jhonflorez\" class=\"wp-block-social-link-anchor\"><svg width=\"24\" height=\"24\" viewBox=\"0 0 24 24\" version=\"1.1\" xmlns=\"http:\/\/www.w3.org\/2000\/svg\" aria-hidden=\"true\" focusable=\"false\"><path d=\"M22.23,5.924c-0.736,0.326-1.527,0.547-2.357,0.646c0.847-0.508,1.498-1.312,1.804-2.27 c-0.793,0.47-1.671,0.812-2.606,0.996C18.324,4.498,17.257,4,16.077,4c-2.266,0-4.103,1.837-4.103,4.103 c0,0.322,0.036,0.635,0.106,0.935C8.67,8.867,5.647,7.234,3.623,4.751C3.27,5.357,3.067,6.062,3.067,6.814 c0,1.424,0.724,2.679,1.825,3.415c-0.673-0.021-1.305-0.206-1.859-0.513c0,0.017,0,0.034,0,0.052c0,1.988,1.414,3.647,3.292,4.023 c-0.344,0.094-0.707,0.144-1.081,0.144c-0.264,0-0.521-0.026-0.772-0.074c0.522,1.63,2.038,2.816,3.833,2.85 c-1.404,1.1-3.174,1.756-5.096,1.756c-0.331,0-0.658-0.019-0.979-0.057c1.816,1.164,3.973,1.843,6.29,1.843 c7.547,0,11.675-6.252,11.675-11.675c0-0.178-0.004-0.355-0.012-0.531C20.985,7.47,21.68,6.747,22.23,5.924z\"><\/path><\/svg><span class=\"wp-block-social-link-label screen-reader-text\">Twitter<\/span><\/a><\/li>\n\n<li class=\"wp-social-link wp-social-link-facebook has-contrast-color wp-block-social-link\"><a href=\"https:\/\/facebook.com\/jhonflorezospina\" class=\"wp-block-social-link-anchor\"><svg width=\"24\" height=\"24\" viewBox=\"0 0 24 24\" version=\"1.1\" xmlns=\"http:\/\/www.w3.org\/2000\/svg\" aria-hidden=\"true\" focusable=\"false\"><path d=\"M12 2C6.5 2 2 6.5 2 12c0 5 3.7 9.1 8.4 9.9v-7H7.9V12h2.5V9.8c0-2.5 1.5-3.9 3.8-3.9 1.1 0 2.2.2 2.2.2v2.5h-1.3c-1.2 0-1.6.8-1.6 1.6V12h2.8l-.4 2.9h-2.3v7C18.3 21.1 22 17 22 12c0-5.5-4.5-10-10-10z\"><\/path><\/svg><span class=\"wp-block-social-link-label screen-reader-text\">Facebook<\/span><\/a><\/li>\n\n<li class=\"wp-social-link wp-social-link-instagram has-contrast-color wp-block-social-link\"><a href=\"https:\/\/instagram.com\/jhonflorez\" class=\"wp-block-social-link-anchor\"><svg width=\"24\" height=\"24\" viewBox=\"0 0 24 24\" version=\"1.1\" xmlns=\"http:\/\/www.w3.org\/2000\/svg\" aria-hidden=\"true\" focusable=\"false\"><path d=\"M12,4.622c2.403,0,2.688,0.009,3.637,0.052c0.877,0.04,1.354,0.187,1.671,0.31c0.42,0.163,0.72,0.358,1.035,0.673 c0.315,0.315,0.51,0.615,0.673,1.035c0.123,0.317,0.27,0.794,0.31,1.671c0.043,0.949,0.052,1.234,0.052,3.637 s-0.009,2.688-0.052,3.637c-0.04,0.877-0.187,1.354-0.31,1.671c-0.163,0.42-0.358,0.72-0.673,1.035 c-0.315,0.315-0.615,0.51-1.035,0.673c-0.317,0.123-0.794,0.27-1.671,0.31c-0.949,0.043-1.233,0.052-3.637,0.052 s-2.688-0.009-3.637-0.052c-0.877-0.04-1.354-0.187-1.671-0.31c-0.42-0.163-0.72-0.358-1.035-0.673 c-0.315-0.315-0.51-0.615-0.673-1.035c-0.123-0.317-0.27-0.794-0.31-1.671C4.631,14.688,4.622,14.403,4.622,12 s0.009-2.688,0.052-3.637c0.04-0.877,0.187-1.354,0.31-1.671c0.163-0.42,0.358-0.72,0.673-1.035 c0.315-0.315,0.615-0.51,1.035-0.673c0.317-0.123,0.794-0.27,1.671-0.31C9.312,4.631,9.597,4.622,12,4.622 M12,3 C9.556,3,9.249,3.01,8.289,3.054C7.331,3.098,6.677,3.25,6.105,3.472C5.513,3.702,5.011,4.01,4.511,4.511 c-0.5,0.5-0.808,1.002-1.038,1.594C3.25,6.677,3.098,7.331,3.054,8.289C3.01,9.249,3,9.556,3,12c0,2.444,0.01,2.751,0.054,3.711 c0.044,0.958,0.196,1.612,0.418,2.185c0.23,0.592,0.538,1.094,1.038,1.594c0.5,0.5,1.002,0.808,1.594,1.038 c0.572,0.222,1.227,0.375,2.185,0.418C9.249,20.99,9.556,21,12,21s2.751-0.01,3.711-0.054c0.958-0.044,1.612-0.196,2.185-0.418 c0.592-0.23,1.094-0.538,1.594-1.038c0.5-0.5,0.808-1.002,1.038-1.594c0.222-0.572,0.375-1.227,0.418-2.185 C20.99,14.751,21,14.444,21,12s-0.01-2.751-0.054-3.711c-0.044-0.958-0.196-1.612-0.418-2.185c-0.23-0.592-0.538-1.094-1.038-1.594 c-0.5-0.5-1.002-0.808-1.594-1.038c-0.572-0.222-1.227-0.375-2.185-0.418C14.751,3.01,14.444,3,12,3L12,3z M12,7.378 c-2.552,0-4.622,2.069-4.622,4.622S9.448,16.622,12,16.622s4.622-2.069,4.622-4.622S14.552,7.378,12,7.378z M12,15 c-1.657,0-3-1.343-3-3s1.343-3,3-3s3,1.343,3,3S13.657,15,12,15z M16.804,6.116c-0.596,0-1.08,0.484-1.08,1.08 s0.484,1.08,1.08,1.08c0.596,0,1.08-0.484,1.08-1.08S17.401,6.116,16.804,6.116z\"><\/path><\/svg><span class=\"wp-block-social-link-label screen-reader-text\">Instagram<\/span><\/a><\/li>\n\n<li class=\"wp-social-link wp-social-link-pinterest has-contrast-color wp-block-social-link\"><a href=\"https:\/\/jhonflorez.com\" class=\"wp-block-social-link-anchor\"><svg width=\"24\" height=\"24\" viewBox=\"0 0 24 24\" version=\"1.1\" xmlns=\"http:\/\/www.w3.org\/2000\/svg\" aria-hidden=\"true\" focusable=\"false\"><path d=\"M12.289,2C6.617,2,3.606,5.648,3.606,9.622c0,1.846,1.025,4.146,2.666,4.878c0.25,0.111,0.381,0.063,0.439-0.169 c0.044-0.175,0.267-1.029,0.365-1.428c0.032-0.128,0.017-0.237-0.091-0.362C6.445,11.911,6.01,10.75,6.01,9.668 c0-2.777,2.194-5.464,5.933-5.464c3.23,0,5.49,2.108,5.49,5.122c0,3.407-1.794,5.768-4.13,5.768c-1.291,0-2.257-1.021-1.948-2.277 c0.372-1.495,1.089-3.112,1.089-4.191c0-0.967-0.542-1.775-1.663-1.775c-1.319,0-2.379,1.309-2.379,3.059 c0,1.115,0.394,1.869,0.394,1.869s-1.302,5.279-1.54,6.261c-0.405,1.666,0.053,4.368,0.094,4.604 c0.021,0.126,0.167,0.169,0.25,0.063c0.129-0.165,1.699-2.419,2.142-4.051c0.158-0.59,0.817-2.995,0.817-2.995 c0.43,0.784,1.681,1.446,3.013,1.446c3.963,0,6.822-3.494,6.822-7.833C20.394,5.112,16.849,2,12.289,2\"><\/path><\/svg><span class=\"wp-block-social-link-label screen-reader-text\">Pinterest<\/span><\/a><\/li><\/ul>\n<\/div>\n<\/div>\n","protected":false},"excerpt":{"rendered":"<p>Giant Shark Trading Co. A dynamic player in the trading and commerce sector, Giant Shark Trading Co. has leveraged our expertise in strategic planning and market expansion to enhance its global footprint. Together, we have developed strategies to optimise operations, streamline supply chains, and capitalise on emerging market opportunities. About Us EHang TechnologiesAs a pioneer [&hellip;]<\/p>\n","protected":false},"author":1,"featured_media":0,"parent":0,"menu_order":0,"comment_status":"closed","ping_status":"closed","template":"","meta":{"footnotes":""},"class_list":["post-50","page","type-page","status-publish","hentry"],"_links":{"self":[{"href":"https:\/\/jfc.company\/home\/wp-json\/wp\/v2\/pages\/50","targetHints":{"allow":["GET"]}}],"collection":[{"href":"https:\/\/jfc.company\/home\/wp-json\/wp\/v2\/pages"}],"about":[{"href":"https:\/\/jfc.company\/home\/wp-json\/wp\/v2\/types\/page"}],"author":[{"embeddable":true,"href":"https:\/\/jfc.company\/home\/wp-json\/wp\/v2\/users\/1"}],"replies":[{"embeddable":true,"href":"https:\/\/jfc.company\/home\/wp-json\/wp\/v2\/comments?post=50"}],"version-history":[{"count":1,"href":"https:\/\/jfc.company\/home\/wp-json\/wp\/v2\/pages\/50\/revisions"}],"predecessor-version":[{"id":58,"href":"https:\/\/jfc.company\/home\/wp-json\/wp\/v2\/pages\/50\/revisions\/58"}],"wp:attachment":[{"href":"https:\/\/jfc.company\/home\/wp-json\/wp\/v2\/media?parent=50"}],"curies":[{"name":"wp","href":"https:\/\/api.w.org\/{rel}","templated":true}]}}